{"id":251,"date":"2017-01-31T13:05:17","date_gmt":"2017-01-31T13:05:17","guid":{"rendered":"http:\/\/HeinzKrimmer.com\/?page_id=251"},"modified":"2024-10-08T07:36:59","modified_gmt":"2024-10-08T07:36:59","slug":"lehre-und-vortraege","status":"publish","type":"page","link":"https:\/\/HeinzKrimmer.com\/?page_id=251","title":{"rendered":"Lehre und Vortr\u00e4ge"},"content":{"rendered":"\n<p>\n\t<span style=\"font-family:tahoma,geneva,sans-serif;\"><span style=\"font-size:14px;\"><font color=\"#000000\">Die Hochschule Hannover Fakut\u00e4t III\/Medien und Design ist in Deutschland eine der f\u00fchrenden Hochschulen zur Ausbildung von Bildjournalisten. Seit 2011 unterrrichte ich das Fach Archivierung. Dabei geht es sowohl um analoge als auch digitale Archivierungsmethoden von Fotografien und Film. Weitere&nbsp;Schwerpunkte bilden die Vertextung der digitalen Daten, die Wahl der richtigen Softwareprogramme und das Recherchieren in analogen wie digitalen Archiven.<\/font><\/span><\/span>\n<\/p>\n\n\n\n<p>\n\t<span style=\"font-size:14px;\"><span style=\"font-family:tahoma,geneva,sans-serif;\"><font color=\"#000000\">Die Junior Zoo-Universit\u00e4t Berlin ist eine Bildungsinitiative des Zoologischen Gartens und richtet sich vor allem an Kinder und Jugendliche. Im Rahmen des Begleitprogrammes hielt ich zahlreiche Vortr\u00e4ge zu Meeresthemen, die ich mit eigenen Filmen und Fotos f\u00fcr die kleinen Zuh\u00f6rer m\u00f6glichst interessant und spannend gestaltete. Es war immer eine Freude zu sehen mit welchem Interesse und mit welcher Begeisterung die Kinder und Jugendlichen an diesen Vortr\u00e4gen teilnahmen.<\/font><\/span><\/span>\n<\/p>\n\n\n\n<figure class=\"wp-block-image\"><img decoding=\"async\" src=\"https:\/\/HeinzKrimmer.com\/wp-content\/uploads\/2017\/01\/Leuchtende_Meerestiere_Ansicht.jpg\" alt=\"\"\/><\/figure>\n\n\n\n<p><\/p>\n\n\n\n<p>\n\t&nbsp;\n<\/p>\n","protected":false},"excerpt":{"rendered":"<p>Die Hochschule Hannover Fakut\u00e4t III\/Medien und Design ist in Deutschland eine der f\u00fchrenden Hochschulen zur Ausbildung von Bildjournalisten. Seit 2011 unterrrichte ich das Fach Archivierung. Dabei geht es sowohl um analoge als auch digitale Archivierungsmethoden von Fotografien und Film. Weitere&nbsp;Schwerpunkte bilden die Vertextung der digitalen Daten, die Wahl der richtigen Softwareprogramme und das Recherchieren in &hellip; <\/p>\n<p class=\"link-more\"><a href=\"https:\/\/HeinzKrimmer.com\/?page_id=251\" class=\"more-link\"><span class=\"screen-reader-text\">\u201eLehre und Vortr\u00e4ge\u201c<\/span> weiterlesen<\/a><\/p>\n","protected":false},"author":1,"featured_media":0,"parent":0,"menu_order":0,"comment_status":"closed","ping_status":"closed","template":"","meta":{"footnotes":""},"class_list":["post-251","page","type-page","status-publish","hentry"],"_links":{"self":[{"href":"https:\/\/HeinzKrimmer.com\/index.php?rest_route=\/wp\/v2\/pages\/251","targetHints":{"allow":["GET"]}}],"collection":[{"href":"https:\/\/HeinzKrimmer.com\/index.php?rest_route=\/wp\/v2\/pages"}],"about":[{"href":"https:\/\/HeinzKrimmer.com\/index.php?rest_route=\/wp\/v2\/types\/page"}],"author":[{"embeddable":true,"href":"https:\/\/HeinzKrimmer.com\/index.php?rest_route=\/wp\/v2\/users\/1"}],"replies":[{"embeddable":true,"href":"https:\/\/HeinzKrimmer.com\/index.php?rest_route=%2Fwp%2Fv2%2Fcomments&post=251"}],"version-history":[{"count":10,"href":"https:\/\/HeinzKrimmer.com\/index.php?rest_route=\/wp\/v2\/pages\/251\/revisions"}],"predecessor-version":[{"id":617,"href":"https:\/\/HeinzKrimmer.com\/index.php?rest_route=\/wp\/v2\/pages\/251\/revisions\/617"}],"wp:attachment":[{"href":"https:\/\/HeinzKrimmer.com\/index.php?rest_route=%2Fwp%2Fv2%2Fmedia&parent=251"}],"curies":[{"name":"wp","href":"https:\/\/api.w.org\/{rel}","templated":true}]}}