{"id":595,"date":"2023-08-23T18:28:35","date_gmt":"2023-08-23T18:28:35","guid":{"rendered":"https:\/\/HeinzKrimmer.com\/?page_id=595"},"modified":"2023-10-20T09:43:41","modified_gmt":"2023-10-20T09:43:41","slug":"die-wildnis-der-zukunft-vom-leben-und-ueberleben-in-der-welt-der-menschen","status":"publish","type":"page","link":"https:\/\/HeinzKrimmer.com\/","title":{"rendered":"Die Wildnis der Zukunft   &#8211;   Vom Leben und \u00dcberleben in der Welt der Menschen"},"content":{"rendered":"\n<p>EIN PL\u00c4DOYER F\u00dcR  MEHR OPTIMISMUS<\/p>\n\n\n\n<figure class=\"wp-block-image size-full\"><img loading=\"lazy\" decoding=\"async\" width=\"707\" height=\"925\" src=\"https:\/\/HeinzKrimmer.com\/wp-content\/uploads\/2023\/08\/Final_Cover_Wildnis.jpg\" alt=\"\" class=\"wp-image-596\" srcset=\"https:\/\/HeinzKrimmer.com\/wp-content\/uploads\/2023\/08\/Final_Cover_Wildnis.jpg 707w, https:\/\/HeinzKrimmer.com\/wp-content\/uploads\/2023\/08\/Final_Cover_Wildnis-229x300.jpg 229w\" sizes=\"auto, (max-width: 707px) 100vw, 707px\" \/><\/figure>\n\n\n\n<ul class=\"wp-block-list\">\n<li><strong><em>Gebundene Ausgabe:<\/em><\/strong><em>&nbsp;192 Seiten<\/em><\/li>\n\n\n\n<li><em><strong>Verlag:<\/strong>&nbsp;Franckh Kosmos Verlag; Auflage: 1 (Oktober 2023)<\/em><\/li>\n\n\n\n<li><em><strong>Sprache:<\/strong>&nbsp;Deutsch<\/em><\/li>\n\n\n\n<li><strong><em>ISBN:<\/em><\/strong><em>&nbsp;978-3-440-17462-3<\/em><em>&nbsp;<\/em><\/li>\n\n\n\n<li><strong><em>Gr\u00f6\u00dfe und\/oder Gewicht:&nbsp;<\/em><\/strong><em>19,8 x 2,3 x 26 cm<\/em><\/li>\n\n\n\n<li><em><strong>Preis:<\/strong>&nbsp;30,00 Euro<\/em><\/li>\n<\/ul>\n\n\n\n<p>Auszug aus meinem Vorwort:<\/p>\n\n\n\n<p><\/p>\n\n\n\n<p>Als vor ein paar Jahren, die ersten Ideen zu diesem Buch in meinen Synapsen herumh\u00fcpften, h\u00e4tte ich nie gedacht, dass ich zu diesem Thema ein optimistisches Vorwort schreiben w\u00fcrde. Und in der Tat sahen damals die Zukunftsprognosen katastrophal aus. Die Ver\u00f6ffentlichungen der letzten Jahre reflektieren dies gut. Elizabeth Colbert schrieb ihr preisgekr\u00f6ntes Buch \u201e<em>Das sechste Sterben \u2013 Wie der Mensch Naturgeschichte schreibt\u201c,<\/em>&nbsp;Matthias Glaubrecht folgte mit&nbsp;<em>\u201eDas Ende der Evolution-Der Mensch und die Vernichtung der Arten\u201c&nbsp;<\/em>und Harald Lesch und Klaus Kamphausen mit&nbsp;<em>\u201cDie Menschheit schafft sich ab: Die Erde im Griff des Anthropoz\u00e4n\u201c.&nbsp;<\/em>Wie d\u00fcster die Stimmung war, zeigt der Dialog mit dem Stephen Emmott sein Buch \u201e<em>10 Milliarden\u201c,&nbsp;<\/em>in dem er den Kollaps der Erde angesichts von Klimawandel und Bev\u00f6lkerungswachstum vorhersagte, beendete:&nbsp;<\/p>\n\n\n\n<p><em>\u201eIch habe einen der rationalsten und kl\u00fcgsten Wissenschaftler gefragt, den ich kenne &#8211; einen Wissenschaftler, der in diesem Bereich arbeitet, einen jungen Wissenschaftler, einen Wissenschaftler in meinem Labor. Wenn es nur eine Sache g\u00e4be, die er angesichts der Situation, in der wir uns befinden, tun m\u00fcsste, was w\u00e4re das?<\/em><\/p>\n\n\n\n<p><em>Seine Antwort?&nbsp;<\/em><\/p>\n\n\n\n<p><em>\u201eLerne meinem Sohn wie man ein Gewehr benutzt.\u201c&nbsp;<\/em><\/p>\n\n\n\n<p>Auch ich habe einen Sohn. Wenn dieses Buch erscheint, wird er 10 Jahre alt sein.&nbsp;<\/p>\n\n\n\n<p>Er wird einen Teil der Zukunft, die in diesem Buch beschrieben wird, erleben und wie jeder Vater w\u00fcnsche ich ihm von ganzem Herzen, dass es eine gute wird. Wie man ein Gewehr benutzt, kann und will ich ihn nicht lehren. Daf\u00fcr etwas anderes. Ich mache ihn mit der Natur vertraut. Mit Grunds\u00e4tzlichem, wie der Evolution, die ein Bindeglied zwischen Vergangenheit und Zukunft darstellt. Ich erkl\u00e4re ihm unserer Rolle in der Natur und was wir tun m\u00fcssen, damit sie und wir eine gemeinsame Zukunft haben. Ich erz\u00e4hle ihm von der unglaublichen Artenvielfalt unserer Erde und die faszinierenden \u00dcberlebensstrategien. Seine Mama f\u00f6rdert ihn ebenfalls in allen Belangen und f\u00fcgt ihre eigene Sichtweise hinzu. Zu unserer gro\u00dfen Freude f\u00e4llt all dies bei ihm auf fruchtbaren Boden. Genau wie ich in seinem Alter verschlingt er B\u00fccher \u00fcber Tiere. Begeistert sich f\u00fcr filmische Naturdokumentationen. Oft spielen wir zusammen Naturquiz. Abwechselnd stellen wir uns Fragen. Inzwischen muss ich mich oft geschlagen geben. \u201ePapa, nenn mir drei heute noch lebende kieferlose Fischarten\u201c, fragte er mich gestern. Mir fielen nur zwei ein. Einer fehlte und damit stand es 1:0 f\u00fcr ihn.Doch woher kommt mein Optimismus? Er begann als kleines Pfl\u00e4nzchen&#8230;<\/p>\n\n\n\n<h2 class=\"wp-block-heading\">Mehr Infos im sch\u00f6nen Podcast von Susanne Brahms von blindCat bei Spotify. Einfach auf das Bild unten klicken.<\/h2>\n\n\n\n<p><\/p>\n\n\n\n<figure class=\"wp-block-image size-large\"><a href=\"https:\/\/open.spotify.com\/episode\/1EKgpiYn7Dt1bRAJ51C6DU \"><img loading=\"lazy\" decoding=\"async\" width=\"1024\" height=\"628\" src=\"https:\/\/HeinzKrimmer.com\/wp-content\/uploads\/2023\/10\/Podcast-Wildnis-1024x628.png\" alt=\"\" class=\"wp-image-609\" srcset=\"https:\/\/HeinzKrimmer.com\/wp-content\/uploads\/2023\/10\/Podcast-Wildnis-1024x628.png 1024w, https:\/\/HeinzKrimmer.com\/wp-content\/uploads\/2023\/10\/Podcast-Wildnis-300x184.png 300w, https:\/\/HeinzKrimmer.com\/wp-content\/uploads\/2023\/10\/Podcast-Wildnis-768x471.png 768w, https:\/\/HeinzKrimmer.com\/wp-content\/uploads\/2023\/10\/Podcast-Wildnis.png 1337w\" sizes=\"auto, (max-width: 767px) 89vw, (max-width: 1000px) 54vw, (max-width: 1071px) 543px, 580px\" \/><\/a><\/figure>\n","protected":false},"excerpt":{"rendered":"<p>EIN PL\u00c4DOYER F\u00dcR MEHR OPTIMISMUS Auszug aus meinem Vorwort: Als vor ein paar Jahren, die ersten Ideen zu diesem Buch in meinen Synapsen herumh\u00fcpften, h\u00e4tte ich nie gedacht, dass ich zu diesem Thema ein optimistisches Vorwort schreiben w\u00fcrde. Und in der Tat sahen damals die Zukunftsprognosen katastrophal aus. Die Ver\u00f6ffentlichungen der letzten Jahre reflektieren dies &hellip; <\/p>\n<p class=\"link-more\"><a href=\"https:\/\/HeinzKrimmer.com\/\" class=\"more-link\"><span class=\"screen-reader-text\">\u201eDie Wildnis der Zukunft   &#8211;   Vom Leben und \u00dcberleben in der Welt der Menschen\u201c<\/span> weiterlesen<\/a><\/p>\n","protected":false},"author":1,"featured_media":0,"parent":0,"menu_order":0,"comment_status":"closed","ping_status":"closed","template":"","meta":{"footnotes":""},"class_list":["post-595","page","type-page","status-publish","hentry"],"_links":{"self":[{"href":"https:\/\/HeinzKrimmer.com\/index.php?rest_route=\/wp\/v2\/pages\/595","targetHints":{"allow":["GET"]}}],"collection":[{"href":"https:\/\/HeinzKrimmer.com\/index.php?rest_route=\/wp\/v2\/pages"}],"about":[{"href":"https:\/\/HeinzKrimmer.com\/index.php?rest_route=\/wp\/v2\/types\/page"}],"author":[{"embeddable":true,"href":"https:\/\/HeinzKrimmer.com\/index.php?rest_route=\/wp\/v2\/users\/1"}],"replies":[{"embeddable":true,"href":"https:\/\/HeinzKrimmer.com\/index.php?rest_route=%2Fwp%2Fv2%2Fcomments&post=595"}],"version-history":[{"count":10,"href":"https:\/\/HeinzKrimmer.com\/index.php?rest_route=\/wp\/v2\/pages\/595\/revisions"}],"predecessor-version":[{"id":614,"href":"https:\/\/HeinzKrimmer.com\/index.php?rest_route=\/wp\/v2\/pages\/595\/revisions\/614"}],"wp:attachment":[{"href":"https:\/\/HeinzKrimmer.com\/index.php?rest_route=%2Fwp%2Fv2%2Fmedia&parent=595"}],"curies":[{"name":"wp","href":"https:\/\/api.w.org\/{rel}","templated":true}]}}